{"id":1320395,"date":"2024-08-30T09:33:08","date_gmt":"2024-08-30T07:33:08","guid":{"rendered":"https:\/\/oeh-mci.at\/oh-elections-2023\/"},"modified":"2025-11-26T11:54:46","modified_gmt":"2025-11-26T10:54:46","slug":"oh-elections-2023","status":"publish","type":"page","link":"https:\/\/oeh-mci.at\/en\/oeh-mci\/oh-elections-2023\/","title":{"rendered":"\u00d6H &#8211; Elections 2025"},"content":{"rendered":"","protected":false},"excerpt":{"rendered":"","protected":false},"author":2,"featured_media":0,"parent":1147,"menu_order":1,"comment_status":"closed","ping_status":"closed","template":"","meta":{"_acf_changed":false,"footnotes":""},"class_list":["post-1320395","page","type-page","status-publish","hentry"],"acf":{"header_bg_type":"fd_header-bg-image","header_bg_images":{"header_bg_image_desktop":{"ID":1093955,"id":1093955,"title":"Hintergrund","filename":"Hintergrund-1-1.png","filesize":2265378,"url":"https:\/\/oeh-mci.at\/wp-content\/uploads\/2023\/03\/Hintergrund-1-1.png","link":"https:\/\/oeh-mci.at\/en\/services\/services\/hintergrund-2-2\/","alt":"","author":"355","description":"","caption":"","name":"hintergrund-2-2","status":"inherit","uploaded_to":1313910,"date":"2023-03-29 13:42:20","modified":"2024-01-30 09:38:24","menu_order":0,"mime_type":"image\/png","type":"image","subtype":"png","icon":"https:\/\/oeh-mci.at\/wp-includes\/images\/media\/default.png","width":2880,"height":1620,"sizes":{"thumbnail":"https:\/\/oeh-mci.at\/wp-content\/uploads\/2023\/03\/Hintergrund-1-1-150x150.png","thumbnail-width":150,"thumbnail-height":150,"medium":"https:\/\/oeh-mci.at\/wp-content\/uploads\/2023\/03\/Hintergrund-1-1-300x169.png","medium-width":300,"medium-height":169,"medium_large":"https:\/\/oeh-mci.at\/wp-content\/uploads\/2023\/03\/Hintergrund-1-1-768x432.png","medium_large-width":768,"medium_large-height":432,"large":"https:\/\/oeh-mci.at\/wp-content\/uploads\/2023\/03\/Hintergrund-1-1-1024x576.png","large-width":1024,"large-height":576,"1536x1536":"https:\/\/oeh-mci.at\/wp-content\/uploads\/2023\/03\/Hintergrund-1-1-1536x864.png","1536x1536-width":1536,"1536x1536-height":864,"2048x2048":"https:\/\/oeh-mci.at\/wp-content\/uploads\/2023\/03\/Hintergrund-1-1-2048x1152.png","2048x2048-width":2048,"2048x2048-height":1152}},"header_bg_image_mobile":{"ID":1093955,"id":1093955,"title":"Hintergrund","filename":"Hintergrund-1-1.png","filesize":2265378,"url":"https:\/\/oeh-mci.at\/wp-content\/uploads\/2023\/03\/Hintergrund-1-1.png","link":"https:\/\/oeh-mci.at\/en\/services\/services\/hintergrund-2-2\/","alt":"","author":"355","description":"","caption":"","name":"hintergrund-2-2","status":"inherit","uploaded_to":1313910,"date":"2023-03-29 13:42:20","modified":"2024-01-30 09:38:24","menu_order":0,"mime_type":"image\/png","type":"image","subtype":"png","icon":"https:\/\/oeh-mci.at\/wp-includes\/images\/media\/default.png","width":2880,"height":1620,"sizes":{"thumbnail":"https:\/\/oeh-mci.at\/wp-content\/uploads\/2023\/03\/Hintergrund-1-1-150x150.png","thumbnail-width":150,"thumbnail-height":150,"medium":"https:\/\/oeh-mci.at\/wp-content\/uploads\/2023\/03\/Hintergrund-1-1-300x169.png","medium-width":300,"medium-height":169,"medium_large":"https:\/\/oeh-mci.at\/wp-content\/uploads\/2023\/03\/Hintergrund-1-1-768x432.png","medium_large-width":768,"medium_large-height":432,"large":"https:\/\/oeh-mci.at\/wp-content\/uploads\/2023\/03\/Hintergrund-1-1-1024x576.png","large-width":1024,"large-height":576,"1536x1536":"https:\/\/oeh-mci.at\/wp-content\/uploads\/2023\/03\/Hintergrund-1-1-1536x864.png","1536x1536-width":1536,"1536x1536-height":864,"2048x2048":"https:\/\/oeh-mci.at\/wp-content\/uploads\/2023\/03\/Hintergrund-1-1-2048x1152.png","2048x2048-width":2048,"2048x2048-height":1152}}},"header_height":{"header_height_desktop":"fd_header-height-desktop-50","header_height_tablet":"fd_header-height-tablet-50","header_height_mobile":"fd_header-height-mobile-50"},"header_headline_hide":false,"global_variable_fields":[{"acf_fc_layout":"textblock_default","textblock_headline":"\u00d6H Elections","textblock_headline_color":"fd_tcolor-secondary","textblock_headline_size":"fd_text-h1","textbox_headline_weight":"fd_tweight-bold","textbox_headline_alignment":"text-center","textblock_text":"<p style=\"text-align: center;\"><strong>Depository<\/strong><\/p>\n<p style=\"text-align: center;\">&#8211; Electronically: mci-oeh-wahlkommission@mci.edu<\/p>\n<p style=\"text-align: center;\">&#8211; By post \/ in person: Election Commission of the \u00d6H at MCI; for the attention of: Markus Huter, Universit\u00e4tsstra\u00dfe 15, A- 6020 Innsbruck<\/p>\n","container":"container","spacing":"fd_space-mt-small fd_space-mb-small"},{"acf_fc_layout":"textblock_default","textblock_headline":"Inspection of the electoral roll","textblock_headline_color":"fd_tcolor-grey","textblock_headline_size":"fd_text-h2","textbox_headline_weight":"fd_tweight-bold","textbox_headline_alignment":"text-center","textblock_text":"<p>It is now possible to inspect the electoral roll on site at the \u00f6h mci office during opening hours.<\/p>\n<p style=\"font-weight: 400;\">The provisional electoral roll can also be viewed online at the following link (from 03.04.2025 to 08.04.2025): <a href=\"https:\/\/wahlportal.oeh.ac.at\/\" data-saferedirecturl=\"https:\/\/www.google.com\/url?q=https:\/\/wahlportal.oeh.ac.at&#038;source=gmail&#038;ust=1743773678167000&#038;usg=AOvVaw3HxwizF9Kx4x9g6A-nywBE\">https:\/\/wahlportal.oeh.ac.at<\/a><\/p>\n<p style=\"font-weight: 400;\">For this purpose, the student must prove his or her identity by using ID-Austria.<\/p>\n","container":"container","spacing":"fd_space-mt-small fd_space-mb-small"},{"acf_fc_layout":"textblock_default","textblock_headline":"Contribution point","textblock_headline_color":"fd_tcolor-grey","textblock_headline_size":"fd_text-h2","textbox_headline_weight":"fd_tweight-bold","textbox_headline_alignment":"text-center","textblock_text":"<ul>\n<li style=\"font-weight: 400;\"><strong>Electronic<\/strong>: <a href=\"mailto:mci-oeh-wahlkommission@mci.edu\">mci-oeh-wahlkommission@mci.edu<\/a><\/li>\n<li style=\"font-weight: 400;\"><strong><u>By post \/ in person:<\/u><\/strong> Election Commission of the \u00d6H at MCI; Attn: Markus Huter, Universit\u00e4tsstra\u00dfe 15, A- 6020 Innsbruck<\/li>\n<\/ul>\n","container":"container","spacing":"fd_space-mt-small fd_space-mb-small"},{"acf_fc_layout":"textblock_default","textblock_headline":"Postal Vote","textblock_headline_color":"fd_tcolor-grey","textblock_headline_size":"fd_text-h2","textbox_headline_weight":"fd_tweight-bold","textbox_headline_alignment":"text-center","textblock_text":"<p style=\"text-align: center;\"><a href=\"https:\/\/wahlportal.oeh.ac.at\/request-postal-vote\"><span style=\"vertical-align: inherit;\">CLICK HERE to apply for postal voting<\/span><\/a><\/p>\n","container":"container","spacing":"fd_space-mt-small fd_space-mb-small"},{"acf_fc_layout":"textblock_faq","textblock_faq_headline":"Fragen & Antworten","textblock_faq_repeater":[{"acf_fc_layout":"textblock_faq_single","textblock_faq_question":"Can I vote per postal?","textblock_faq_answer":"<p><span style=\"vertical-align: inherit;\"><span style=\"vertical-align: inherit;\">Yes. However, only the university representation and the federal representation can be elected by postal vote. The student representation can only be elected on site.<\/span><\/span><\/p>\n<p><span style=\"vertical-align: inherit;\"><span style=\"vertical-align: inherit;\">The application for the voting card is made via the website of the Federal \u00d6H: <\/span><\/span><a href=\"https:\/\/wahlportal.oeh.ac.at\/request-postal-vote\"><span style=\"vertical-align: inherit;\"><span style=\"vertical-align: inherit;\">https:\/\/wahlportal.oeh.ac.at\/request-postal-vote<\/span><\/span><\/a><\/p>\n<p><span style=\"vertical-align: inherit;\"><span style=\"vertical-align: inherit;\">ATTENTION: If voting is by postal vote, the student representatives cannot be elected either on site or by post!<\/span><\/span><\/p>\n"},{"acf_fc_layout":"textblock_faq_single","textblock_faq_question":"Until when can I apply for an absentee ballot?","textblock_faq_answer":"<p><span style=\"vertical-align: inherit;\"><span style=\"vertical-align: inherit;\">The postal ballot card can be applied for up to one week before the first election day, i.e. until\u00a0 <\/span><\/span><strong><span style=\"vertical-align: inherit;\"><span style=\"vertical-align: inherit;\">April 06, 2023<\/span><\/span><\/strong><span style=\"vertical-align: inherit;\"><span style=\"vertical-align: inherit;\"> .<\/span><\/span><\/p>\n"},{"acf_fc_layout":"textblock_faq_single","textblock_faq_question":"Where must the polling card be handed in?","textblock_faq_answer":"<p><span style=\"vertical-align: inherit;\"><span style=\"vertical-align: inherit;\">The voting card can easily be put in any mailbox.<\/span><\/span><\/p>\n"}],"container":"container","spacing":"fd_space-mt-small fd_space-mb-small"},{"acf_fc_layout":"downloads","downloads_headline":"Downloads","downloads_repeater":[{"acf_fc_layout":"download","download_text":"Verlautbarung Wahltagverordnung","download_file":"https:\/\/oeh-mci.at\/wp-content\/uploads\/2025\/02\/Wahltageverordnung.pdf"}],"container":"container","spacing":"fd_space-mt-small fd_space-mb-small"},{"acf_fc_layout":"textblock_default","textblock_headline":"Postal vote","textblock_headline_color":"fd_tcolor-grey","textblock_headline_size":"fd_text-h2","textbox_headline_weight":"fd_tweight-bold","textbox_headline_alignment":"text-center","textblock_text":"<p style=\"text-align: center;\"><a href=\"https:\/\/wahlportal.oeh.ac.at\/request-postal-vote\">Click HERE to apply for a postal vote<\/a><\/p>\n<p style=\"text-align: center;\">\n","container":"container","spacing":"fd_space-mt-small fd_space-mb-small"},{"acf_fc_layout":"textblock_faq","textblock_faq_headline":"Questions & Answers","textblock_faq_repeater":[{"acf_fc_layout":"textblock_faq_single","textblock_faq_question":"Is postal voting possible?","textblock_faq_answer":"<p>Yes, but only the university representation and the federal representation can be elected by postal vote. The student representatives can only be elected on site.  <\/p>\n<p>You can apply for an election card via the website of the Federal \u00d6H: <a href=\"https:\/\/wahlportal.oeh.ac.at\/request-postal-vote\">https:\/\/wahlportal.oeh.ac.at\/request-postal-vote<\/a><\/p>\n<p>ATTENTION: If voting by postal vote, the student representatives cannot be elected on site or by post!<\/p>\n"},{"acf_fc_layout":"textblock_faq_single","textblock_faq_question":"Until when can I apply for an absentee ballot?","textblock_faq_answer":"<p>The postal voting card can be applied for up to one week before the first election day, i.e. until <strong>May 6, 2025<\/strong>.<\/p>\n"},{"acf_fc_layout":"textblock_faq_single","textblock_faq_question":"Where must the polling card be handed in?","textblock_faq_answer":"<p>The polling card can simply be dropped into any letterbox.<\/p>\n"}],"container":"container","spacing":"fd_space-mt-small fd_space-mb-small"},{"acf_fc_layout":"downloads","downloads_headline":"Downloads","downloads_repeater":[{"acf_fc_layout":"download","download_text":"Announcement of STV candidature","download_file":"https:\/\/oeh-mci.at\/wp-content\/uploads\/2023\/03\/Bekanntgabe-kandidatur.pdf"}],"container":"container","spacing":"fd_space-mt-small fd_space-mb-small"},{"acf_fc_layout":"image_textblock","image_textblock_left_column":[{"acf_fc_layout":"image_textblock_image_repeater","image_textblock_image":{"ID":904,"id":904,"title":"header-infoblog","filename":"header-infoblog.jpg","filesize":198218,"url":"https:\/\/oeh-mci.at\/wp-content\/uploads\/2021\/05\/header-infoblog.jpg","link":"https:\/\/oeh-mci.at\/en\/infoblog\/header-infoblog-2\/","alt":"","author":"2","description":"","caption":"","name":"header-infoblog-2","status":"inherit","uploaded_to":1435,"date":"2021-05-03 14:15:35","modified":"2021-05-03 14:15:35","menu_order":0,"mime_type":"image\/jpeg","type":"image","subtype":"jpeg","icon":"https:\/\/oeh-mci.at\/wp-includes\/images\/media\/default.png","width":740,"height":493,"sizes":{"thumbnail":"https:\/\/oeh-mci.at\/wp-content\/uploads\/2021\/05\/header-infoblog-150x150.jpg","thumbnail-width":150,"thumbnail-height":150,"medium":"https:\/\/oeh-mci.at\/wp-content\/uploads\/2021\/05\/header-infoblog-300x200.jpg","medium-width":300,"medium-height":200,"medium_large":"https:\/\/oeh-mci.at\/wp-content\/uploads\/2021\/05\/header-infoblog.jpg","medium_large-width":740,"medium_large-height":493,"large":"https:\/\/oeh-mci.at\/wp-content\/uploads\/2021\/05\/header-infoblog.jpg","large-width":740,"large-height":493,"1536x1536":"https:\/\/oeh-mci.at\/wp-content\/uploads\/2021\/05\/header-infoblog.jpg","1536x1536-width":740,"1536x1536-height":493,"2048x2048":"https:\/\/oeh-mci.at\/wp-content\/uploads\/2021\/05\/header-infoblog.jpg","2048x2048-width":740,"2048x2048-height":493}}}],"image_textblock_right_column":[{"acf_fc_layout":"image_textblock_text_repeater","image_textblock_headline":"Mehr Informationen","image_textblock_text":"","image_textblock_btn_text":"gibt es auf der Website des MCI","image_textblock_btn_link":"https:\/\/www.mci4me.at\/de\/mein-studium\/wahlen"}],"container":"container","spacing":"fd_space-mt-small fd_space-mb-small"}],"footer_teaser_show":false,"header_slider_check":"fd_header-standard","header_bg_color":"fd_bg-grey"},"_links":{"self":[{"href":"https:\/\/oeh-mci.at\/en\/wp-json\/wp\/v2\/pages\/1320395","targetHints":{"allow":["GET"]}}],"collection":[{"href":"https:\/\/oeh-mci.at\/en\/wp-json\/wp\/v2\/pages"}],"about":[{"href":"https:\/\/oeh-mci.at\/en\/wp-json\/wp\/v2\/types\/page"}],"author":[{"embeddable":true,"href":"https:\/\/oeh-mci.at\/en\/wp-json\/wp\/v2\/users\/2"}],"replies":[{"embeddable":true,"href":"https:\/\/oeh-mci.at\/en\/wp-json\/wp\/v2\/comments?post=1320395"}],"version-history":[{"count":6,"href":"https:\/\/oeh-mci.at\/en\/wp-json\/wp\/v2\/pages\/1320395\/revisions"}],"predecessor-version":[{"id":1326770,"href":"https:\/\/oeh-mci.at\/en\/wp-json\/wp\/v2\/pages\/1320395\/revisions\/1326770"}],"up":[{"embeddable":true,"href":"https:\/\/oeh-mci.at\/en\/wp-json\/wp\/v2\/pages\/1147"}],"wp:attachment":[{"href":"https:\/\/oeh-mci.at\/en\/wp-json\/wp\/v2\/media?parent=1320395"}],"curies":[{"name":"wp","href":"https:\/\/api.w.org\/{rel}","templated":true}]}}